{"id":60,"date":"2015-12-10T13:30:44","date_gmt":"2015-12-10T12:30:44","guid":{"rendered":"http:\/\/www.fachsatz.de\/GuK\/?page_id=60"},"modified":"2023-12-20T11:29:41","modified_gmt":"2023-12-20T10:29:41","slug":"links","status":"publish","type":"page","link":"https:\/\/www.gippert-klein.de\/WP\/links\/","title":{"rendered":"Links"},"content":{"rendered":"<p><a href=\"https:\/\/www.gippert-klein.de\/WP\/wp-content\/uploads\/2015\/11\/Links_01_410x150.jpg\"><img loading=\"lazy\" decoding=\"async\" class=\"alignright size-full wp-image-14\" src=\"https:\/\/www.gippert-klein.de\/WP\/wp-content\/uploads\/2015\/11\/Links_01_410x150.jpg\" alt=\"Recht 1.1\" width=\"410\" height=\"150\" srcset=\"https:\/\/www.gippert-klein.de\/WP\/wp-content\/uploads\/2015\/11\/Links_01_410x150.jpg 410w, https:\/\/www.gippert-klein.de\/WP\/wp-content\/uploads\/2015\/11\/Links_01_410x150-300x110.jpg 300w\" sizes=\"auto, (max-width: 410px) 100vw, 410px\" \/><\/a><\/p>\n<h3>Formulare<\/h3>\n<ul>\n<li><a href=\"https:\/\/www.gippert-klein.de\/kontakt-dateien\/untervollmacht.pdf\">Untervollmacht f\u00fcr Terminsvertretungen<\/a><\/li>\n<\/ul>\n<h3>weiterf\u00fchrende Links<\/h3>\n<p>Hier finden Sie Informationen \u00fcber das Bundesverfassungsgericht und Entscheidungen des Bundesverfassungsgerichts:<\/p>\n<ul>\n<li><a href=\"http:\/\/www.bundesverfassungsgericht.de\" target=\"_blank\" rel=\"noopener\">www.bundesverfassungsgericht.de<\/a><\/li>\n<\/ul>\n<p>Hier finden Sie Informationen \u00fcber das Bundessozialgericht\u00a0und Entscheidungen des Bundessozialgerichts:<\/p>\n<ul>\n<li><a href=\"http:\/\/www.bundessozialgericht.de\/\" target=\"_blank\" rel=\"noopener\">www.bundessozialgericht.de<\/a><\/li>\n<\/ul>\n<p>Hier finden Sie Entscheidungen der Berliner Gerichte und der Gemeinsamen Fachobergerichte (Finanzgericht Berlin-Brandenburg, Oberverwaltungsgericht Berlin-Brandenburg, Landesarbeitsgericht Berlin-Brandenburg und Landessozialgericht Berlin-Brandenburg:<\/p>\n<ul>\n<li><a href=\"https:\/\/www.gesetze.berlin.de\" target=\"_blank\" rel=\"noopener\">www.gesetze.berlin.de<\/a><\/li>\n<\/ul>\n<p>Das Land Brandenburg hat seine eigene Plattform. Die Gerichtsentscheidungen Brandenburgs und der Gemeinsamen Fachobergerichte werden kostenfrei unter folgendem Link publiziert:<\/p>\n<ul>\n<li><a href=\"https:\/\/gerichtsentscheidungen.brandenburg.de\/\" target=\"_blank\" rel=\"noopener\">gerichtsentscheidungen.brandenburg.de<\/a><\/li>\n<\/ul>\n<p>Hier finden Sie Sozialgerichte von Berlin und Brandenburg:<\/p>\n<ul>\n<li><a href=\"http:\/\/www.lsg.berlin.brandenburg.de\/\" target=\"_blank\" rel=\"noopener\">www.lsg.berlin.brandenburg.de<\/a><\/li>\n<li><a href=\"http:\/\/www.sg-potsdam.brandenburg.de\/\" target=\"_blank\" rel=\"noopener\">www.sg-potsdam.brandenburg.de<\/a><\/li>\n<li><a href=\"http:\/\/www.sg-frankfurt-oder.brandenburg.de\/\" target=\"_blank\" rel=\"noopener\">www.sg-frankfurt-oder.brandenburg.de<\/a><\/li>\n<li><a href=\"http:\/\/www.sg-cottbus.brandenburg.de\/\" target=\"_blank\" rel=\"noopener\">www.sg-cottbus.brandenburg.de<\/a><\/li>\n<li><a href=\"http:\/\/www.berlin.de\/sen\/justiz\/gerichte\/lsg\/\" target=\"_blank\" rel=\"noopener\">www.berlin.de\/sen\/justiz\/gerichte\/lsg\/<\/a><\/li>\n<li><a href=\"http:\/\/www.sg-neuruppin.brandenburg.de\/\" target=\"_blank\" rel=\"noopener\">www.sg-neuruppin.brandenburg.de<\/a><\/li>\n<\/ul>\n<p>Hier finden Sie Informationen und Formulare der Bundesagentur f\u00fcr Arbeit (zum Beispiel den Antrag auf Arbeitslosengeld oder Hartz-4):<\/p>\n<ul>\n<li><a href=\"http:\/\/www.arbeitsagentur.de\/nn_26672\/Navigation\/zentral\/Formulare\/Buerger\/Buerger-Nav.html\" target=\"_blank\" rel=\"noopener\">http:\/\/www.arbeitsagentur.de\/nn_26672\/navigation\/zentral\/formulare\/buerger\/buerger-nav.html<\/a><\/li>\n<\/ul>\n<p>Hier finden Sie das f\u00fcr Sie zust\u00e4ndige Arbeitsamt oder JobCenter:<\/p>\n<ul>\n<li><a href=\"http:\/\/www.arbeitsagentur.de\/nn_29892\/Navigation\/Dienststellen\/Dienststellen-Nav.html\">http:\/\/www.arbeitsagentur.de\/nn_29892\/Navigation\/Dienststellen\/Dienststellen-Nav.html<\/a><\/li>\n<\/ul>\n<p>Hier finden Sie das f\u00fcr Sie zust\u00e4ndige Amtsgericht:<\/p>\n<ul>\n<li><a href=\"https:\/\/www.justizadressen.nrw.de\/\" target=\"_blank\" rel=\"noopener\">www.justizadressen.nrw.de<\/a><\/li>\n<\/ul>","protected":false},"excerpt":{"rendered":"<p>Formulare Untervollmacht f\u00fcr Terminsvertretungen weiterf\u00fchrende Links Hier finden Sie Informationen \u00fcber das Bundesverfassungsgericht und Entscheidungen des Bundesverfassungsgerichts: www.bundesverfassungsgericht.de Hier finden Sie Informationen \u00fcber das Bundessozialgericht\u00a0und Entscheidungen des Bundessozialgerichts: www.bundessozialgericht.de Hier finden Sie Entscheidungen der Berliner Gerichte und der Gemeinsamen Fachobergerichte (Finanzgericht Berlin-Brandenburg, Oberverwaltungsgericht Berlin-Brandenburg, Landesarbeitsgericht Berlin-Brandenburg und Landessozialgericht Berlin-Brandenburg: www.gesetze.berlin.de Das Land Brandenburg hat seine [&hellip;]<\/p>\n","protected":false},"author":1,"featured_media":0,"parent":0,"menu_order":0,"comment_status":"closed","ping_status":"closed","template":"","meta":{"footnotes":""},"categories":[1],"tags":[],"class_list":["post-60","page","type-page","status-publish","hentry","category-allgemein"],"_links":{"self":[{"href":"https:\/\/www.gippert-klein.de\/WP\/wp-json\/wp\/v2\/pages\/60","targetHints":{"allow":["GET"]}}],"collection":[{"href":"https:\/\/www.gippert-klein.de\/WP\/wp-json\/wp\/v2\/pages"}],"about":[{"href":"https:\/\/www.gippert-klein.de\/WP\/wp-json\/wp\/v2\/types\/page"}],"author":[{"embeddable":true,"href":"https:\/\/www.gippert-klein.de\/WP\/wp-json\/wp\/v2\/users\/1"}],"replies":[{"embeddable":true,"href":"https:\/\/www.gippert-klein.de\/WP\/wp-json\/wp\/v2\/comments?post=60"}],"version-history":[{"count":11,"href":"https:\/\/www.gippert-klein.de\/WP\/wp-json\/wp\/v2\/pages\/60\/revisions"}],"predecessor-version":[{"id":1007,"href":"https:\/\/www.gippert-klein.de\/WP\/wp-json\/wp\/v2\/pages\/60\/revisions\/1007"}],"wp:attachment":[{"href":"https:\/\/www.gippert-klein.de\/WP\/wp-json\/wp\/v2\/media?parent=60"}],"wp:term":[{"taxonomy":"category","embeddable":true,"href":"https:\/\/www.gippert-klein.de\/WP\/wp-json\/wp\/v2\/categories?post=60"},{"taxonomy":"post_tag","embeddable":true,"href":"https:\/\/www.gippert-klein.de\/WP\/wp-json\/wp\/v2\/tags?post=60"}],"curies":[{"name":"wp","href":"https:\/\/api.w.org\/{rel}","templated":true}]}}